{"id":13896,"date":"2023-07-20T08:10:49","date_gmt":"2023-07-20T08:10:49","guid":{"rendered":"https:\/\/www.ball-mill-classifiers.com\/?post_type=product&#038;p=13896"},"modified":"2023-07-20T08:29:10","modified_gmt":"2023-07-20T08:29:10","slug":"bucket-elevator","status":"publish","type":"product","link":"https:\/\/www.ball-mill-classifiers.com\/tr\/urun\/bucket-elevator\/","title":{"rendered":"Kova asans\u00f6r\u00fc"},"content":{"rendered":"<div data-elementor-type=\"wp-post\" data-elementor-id=\"13896\" class=\"elementor elementor-13896\">\n\t\t\t\t\t\t<section class=\"elementor-section elementor-top-section elementor-element elementor-element-53b67453 elementor-section-boxed elementor-section-height-default elementor-section-height-default\" data-id=\"53b67453\" data-element_type=\"section\">\n\t\t\t\t\t\t<div class=\"elementor-container elementor-column-gap-default\">\n\t\t\t\t\t<div class=\"elementor-column elementor-col-100 elementor-top-column elementor-element elementor-element-38fef344\" data-id=\"38fef344\" data-element_type=\"column\">\n\t\t\t<div class=\"elementor-widget-wrap elementor-element-populated\">\n\t\t\t\t\t\t<div class=\"elementor-element elementor-element-522deeba elementor-widget elementor-widget-text-editor\" data-id=\"522deeba\" data-element_type=\"widget\" data-widget_type=\"text-editor.default\">\n\t\t\t\t\t\t<div class=\"elementor-widget-container\">\n\t\t\t\t\t\t\t\t\t<section class=\"elementor-section elementor-top-section elementor-element elementor-element-41dedbbe elementor-section-boxed elementor-section-height-default elementor-section-height-default\" data-id=\"41dedbbe\" data-element_type=\"section\"><div class=\"elementor-container elementor-column-gap-default\"><div class=\"elementor-column elementor-col-100 elementor-top-column elementor-element elementor-element-1ed47a89\" data-id=\"1ed47a89\" data-element_type=\"column\"><div class=\"elementor-widget-wrap elementor-element-populated\"><div class=\"elementor-element elementor-element-2442cc85 elementor-widget elementor-widget-text-editor\" data-id=\"2442cc85\" data-element_type=\"widget\" data-widget_type=\"text-editor.default\"><div class=\"elementor-widget-container\">Bu t\u00fcr ekipmanlar k\u0131rma, ta\u015f\u0131ma, paketleme, tartma vb. gibi \u00e7e\u015fitli kullan\u0131m senaryolar\u0131na uygulanarak \u00fcretim ortam\u0131n\u0131 daha ideal hale getirir; Yard\u0131mc\u0131 ekipman sisteminin kullan\u0131m\u0131 ve kontrol\u00fc kolayd\u0131r; Yard\u0131mc\u0131 ekipman sistemi, prosesin ba\u015flang\u0131c\u0131na yerle\u015ftirilen vakum konvey\u00f6rleri, tozsuz besleme bunkerleri, bant terazileri vb. ile prosesin ba\u015flang\u0131c\u0131na yerle\u015ftirilen paketleme makineleri, hava kesme tahliye vanalar\u0131 vb.&#039;yi i\u00e7erir ancak bunlarla s\u0131n\u0131rl\u0131 de\u011fildir. s\u00fcrecin sonu. M\u00fc\u015fteri ihtiya\u00e7lar\u0131na ve saha d\u00fczenine g\u00f6re \u00f6zelle\u015ftirilmi\u015f tasar\u0131m \u00e7\u00f6z\u00fcmleri sunulabilmektedir.<\/div><\/div><\/div><\/div><\/div><\/section>\t\t\t\t\t\t\t\t<\/div>\n\t\t\t\t<\/div>\n\t\t\t\t\t<\/div>\n\t\t<\/div>\n\t\t\t\t\t<\/div>\n\t\t<\/section>\n\t\t\t\t<section class=\"elementor-section elementor-top-section elementor-element elementor-element-db5aa92 elementor-section-boxed elementor-section-height-default elementor-section-height-default\" data-id=\"db5aa92\" data-element_type=\"section\">\n\t\t\t\t\t\t<div class=\"elementor-container elementor-column-gap-default\">\n\t\t\t\t\t<div class=\"elementor-column elementor-col-100 elementor-top-column elementor-element elementor-element-d495d32\" data-id=\"d495d32\" data-element_type=\"column\">\n\t\t\t<div class=\"elementor-widget-wrap elementor-element-populated\">\n\t\t\t\t\t\t<div class=\"elementor-element elementor-element-d87d1da elementor-widget elementor-widget-heading\" data-id=\"d87d1da\" data-element_type=\"widget\" data-widget_type=\"heading.default\">\n\t\t\t\t\t\t<div class=\"elementor-widget-container\">\n\t\t\t\t\t<h2 class=\"elementor-heading-title elementor-size-default\"><span style=\"color: var(--ast-global-color-1);, Roboto, sans-serif;font-size: 50px;text-align: center;white-space: normal\">Temas kurmaktan \u00e7ekinmeyin<\/span><\/h2>\t\t\t\t<\/div>\n\t\t\t\t<\/div>\n\t\t\t\t\t<\/div>\n\t\t<\/div>\n\t\t\t\t\t<\/div>\n\t\t<\/section>\n\t\t\t\t<\/div>","protected":false},"excerpt":{"rendered":"<p>Toz m\u00fchendisli\u011fi i\u00e7in destekleyici ekipman olarak yard\u0131mc\u0131 ekipman, toz \u00fcretim hatt\u0131n\u0131 destekleyebilir ve tamamlayabilir, toz \u00fcretim ekipman\u0131n\u0131n \u00fcretim s\u00fcrecini ba\u011f\u0131ms\u0131z ve tamamen tamamlamas\u0131n\u0131 sa\u011flayarak \u00fcretim verimlili\u011fini ve kalitesini art\u0131rabilir.<\/p>","protected":false},"featured_media":13898,"template":"","meta":{"site-sidebar-layout":"left-sidebar","site-content-layout":"default","ast-site-content-layout":"default","site-content-style":"default","site-sidebar-style":"default","ast-global-header-display":"","ast-banner-title-visibility":"","ast-main-header-display":"","ast-hfb-above-header-display":"","ast-hfb-below-header-display":"","ast-hfb-mobile-header-display":"","site-post-title":"","ast-breadcrumbs-content":"","ast-featured-img":"","footer-sml-layout":"","ast-disable-related-posts":"","theme-transparent-header-meta":"default","adv-header-id-meta":"12856","stick-header-meta":"default","header-above-stick-meta":"","header-main-stick-meta":"","header-below-stick-meta":"","astra-migrate-meta-layouts":"default","ast-page-background-enabled":"default","ast-page-background-meta":{"desktop":{"background-color":"","background-image":"","background-repeat":"repeat","background-position":"center center","background-size":"auto","background-attachment":"scroll","background-type":"","background-media":"","overlay-type":"","overlay-color":"","overlay-opacity":"","overlay-gradient":""},"tablet":{"background-color":"","background-image":"","background-repeat":"repeat","background-position":"center center","background-size":"auto","background-attachment":"scroll","background-type":"","background-media":"","overlay-type":"","overlay-color":"","overlay-opacity":"","overlay-gradient":""},"mobile":{"background-color":"","background-image":"","background-repeat":"repeat","background-position":"center center","background-size":"auto","background-attachment":"scroll","background-type":"","background-media":"","overlay-type":"","overlay-color":"","overlay-opacity":"","overlay-gradient":""}},"ast-content-background-meta":{"desktop":{"background-color":"var(--ast-global-color-5)","background-image":"","background-repeat":"repeat","background-position":"center center","background-size":"auto","background-attachment":"scroll","background-type":"","background-media":"","overlay-type":"","overlay-color":"","overlay-opacity":"","overlay-gradient":""},"tablet":{"background-color":"var(--ast-global-color-5)","background-image":"","background-repeat":"repeat","background-position":"center center","background-size":"auto","background-attachment":"scroll","background-type":"","background-media":"","overlay-type":"","overlay-color":"","overlay-opacity":"","overlay-gradient":""},"mobile":{"background-color":"var(--ast-global-color-5)","background-image":"","background-repeat":"repeat","background-position":"center center","background-size":"auto","background-attachment":"scroll","background-type":"","background-media":"","overlay-type":"","overlay-color":"","overlay-opacity":"","overlay-gradient":""}}},"product_brand":[],"product_cat":[33],"product_tag":[],"class_list":{"0":"post-13896","1":"product","2":"type-product","3":"status-publish","4":"has-post-thumbnail","6":"product_cat-powder-conveying-equipment","7":"desktop-align-center","8":"tablet-align-center","9":"mobile-align-center","10":"ast-product-gallery-layout-horizontal-slider","11":"ast-product-tabs-layout-horizontal","13":"first","14":"instock","15":"shipping-taxable","16":"product-type-simple"},"yoast_head":"<!-- This site is optimized with the Yoast SEO Premium plugin v25.2 (Yoast SEO v25.2) - https:\/\/yoast.com\/wordpress\/plugins\/seo\/ -->\n<title>Bucket Elevator - Ball Mill Classifier Production Line Manufacturer<\/title>\n<meta name=\"robots\" content=\"index, follow, max-snippet:-1, max-image-preview:large, max-video-preview:-1\" \/>\n<link rel=\"canonical\" href=\"https:\/\/www.ball-mill-classifiers.com\/tr\/urun\/bucket-elevator\/\" \/>\n<meta property=\"og:locale\" content=\"tr_TR\" \/>\n<meta property=\"og:type\" content=\"article\" \/>\n<meta property=\"og:title\" content=\"Bucket Elevator\" \/>\n<meta property=\"og:description\" content=\"As a supporting equipment for powder engineering, auxiliary equipment can supplement and complete the powder production line, enabling the powder production equipment to independently and completely complete the production process, and improving production efficiency and quality.\" \/>\n<meta property=\"og:url\" content=\"https:\/\/www.ball-mill-classifiers.com\/tr\/urun\/bucket-elevator\/\" \/>\n<meta property=\"og:site_name\" content=\"Ball Mill Classifier Production Line Manufacturer\" \/>\n<meta property=\"article:modified_time\" content=\"2023-07-20T08:29:10+00:00\" \/>\n<meta property=\"og:image\" content=\"https:\/\/www.ball-mill-classifiers.com\/wp-content\/uploads\/2023\/07\/Bucket-Elevator.webp\" \/>\n\t<meta property=\"og:image:width\" content=\"600\" \/>\n\t<meta property=\"og:image:height\" content=\"450\" \/>\n\t<meta property=\"og:image:type\" content=\"image\/webp\" \/>\n<meta name=\"twitter:card\" content=\"summary_large_image\" \/>\n<script type=\"application\/ld+json\" class=\"yoast-schema-graph\">{\"@context\":\"https:\/\/schema.org\",\"@graph\":[{\"@type\":\"WebPage\",\"@id\":\"https:\/\/www.ball-mill-classifiers.com\/product\/bucket-elevator\/\",\"url\":\"https:\/\/www.ball-mill-classifiers.com\/product\/bucket-elevator\/\",\"name\":\"Bucket Elevator - Ball Mill Classifier Production Line Manufacturer\",\"isPartOf\":{\"@id\":\"https:\/\/www.ball-mill-classifiers.com\/#website\"},\"primaryImageOfPage\":{\"@id\":\"https:\/\/www.ball-mill-classifiers.com\/product\/bucket-elevator\/#primaryimage\"},\"image\":{\"@id\":\"https:\/\/www.ball-mill-classifiers.com\/product\/bucket-elevator\/#primaryimage\"},\"thumbnailUrl\":\"https:\/\/www.ball-mill-classifiers.com\/wp-content\/uploads\/2023\/07\/Bucket-Elevator.webp\",\"datePublished\":\"2023-07-20T08:10:49+00:00\",\"dateModified\":\"2023-07-20T08:29:10+00:00\",\"breadcrumb\":{\"@id\":\"https:\/\/www.ball-mill-classifiers.com\/product\/bucket-elevator\/#breadcrumb\"},\"inLanguage\":\"tr\",\"potentialAction\":[{\"@type\":\"ReadAction\",\"target\":[\"https:\/\/www.ball-mill-classifiers.com\/product\/bucket-elevator\/\"]}]},{\"@type\":\"ImageObject\",\"inLanguage\":\"tr\",\"@id\":\"https:\/\/www.ball-mill-classifiers.com\/product\/bucket-elevator\/#primaryimage\",\"url\":\"https:\/\/www.ball-mill-classifiers.com\/wp-content\/uploads\/2023\/07\/Bucket-Elevator.webp\",\"contentUrl\":\"https:\/\/www.ball-mill-classifiers.com\/wp-content\/uploads\/2023\/07\/Bucket-Elevator.webp\",\"width\":600,\"height\":450,\"caption\":\"Bucket Elevator\"},{\"@type\":\"BreadcrumbList\",\"@id\":\"https:\/\/www.ball-mill-classifiers.com\/product\/bucket-elevator\/#breadcrumb\",\"itemListElement\":[{\"@type\":\"ListItem\",\"position\":1,\"name\":\"\u9996\u9875\",\"item\":\"https:\/\/www.ball-mill-classifiers.com\/\"},{\"@type\":\"ListItem\",\"position\":2,\"name\":\"Products\",\"item\":\"https:\/\/www.ball-mill-classifiers.com\/products\/\"},{\"@type\":\"ListItem\",\"position\":3,\"name\":\"Bucket Elevator\"}]},{\"@type\":\"WebSite\",\"@id\":\"https:\/\/www.ball-mill-classifiers.com\/#website\",\"url\":\"https:\/\/www.ball-mill-classifiers.com\/\",\"name\":\"Ball Mill Classifier Production Line Manufacturer\",\"description\":\"Non-metallic ore grinding equipment\",\"publisher\":{\"@id\":\"https:\/\/www.ball-mill-classifiers.com\/#organization\"},\"potentialAction\":[{\"@type\":\"SearchAction\",\"target\":{\"@type\":\"EntryPoint\",\"urlTemplate\":\"https:\/\/www.ball-mill-classifiers.com\/?s={search_term_string}\"},\"query-input\":{\"@type\":\"PropertyValueSpecification\",\"valueRequired\":true,\"valueName\":\"search_term_string\"}}],\"inLanguage\":\"tr\"},{\"@type\":\"Organization\",\"@id\":\"https:\/\/www.ball-mill-classifiers.com\/#organization\",\"name\":\"Ball Mill Classifier Production Line Manufacturer\",\"url\":\"https:\/\/www.ball-mill-classifiers.com\/\",\"logo\":{\"@type\":\"ImageObject\",\"inLanguage\":\"tr\",\"@id\":\"https:\/\/www.ball-mill-classifiers.com\/#\/schema\/logo\/image\/\",\"url\":\"https:\/\/www.ball-mill-classifiers.com\/wp-content\/uploads\/2021\/04\/logo.png\",\"contentUrl\":\"https:\/\/www.ball-mill-classifiers.com\/wp-content\/uploads\/2021\/04\/logo.png\",\"width\":216,\"height\":63,\"caption\":\"Ball Mill Classifier Production Line Manufacturer\"},\"image\":{\"@id\":\"https:\/\/www.ball-mill-classifiers.com\/#\/schema\/logo\/image\/\"}}]}<\/script>\n<!-- \/ Yoast SEO Premium plugin. -->","yoast_head_json":{"title":"Bucket Elevator - Ball Mill Classifier Production Line Manufacturer","robots":{"index":"index","follow":"follow","max-snippet":"max-snippet:-1","max-image-preview":"max-image-preview:large","max-video-preview":"max-video-preview:-1"},"canonical":"https:\/\/www.ball-mill-classifiers.com\/tr\/urun\/bucket-elevator\/","og_locale":"tr_TR","og_type":"article","og_title":"Bucket Elevator","og_description":"As a supporting equipment for powder engineering, auxiliary equipment can supplement and complete the powder production line, enabling the powder production equipment to independently and completely complete the production process, and improving production efficiency and quality.","og_url":"https:\/\/www.ball-mill-classifiers.com\/tr\/urun\/bucket-elevator\/","og_site_name":"Ball Mill Classifier Production Line Manufacturer","article_modified_time":"2023-07-20T08:29:10+00:00","og_image":[{"width":600,"height":450,"url":"https:\/\/www.ball-mill-classifiers.com\/wp-content\/uploads\/2023\/07\/Bucket-Elevator.webp","type":"image\/webp"}],"twitter_card":"summary_large_image","schema":{"@context":"https:\/\/schema.org","@graph":[{"@type":"WebPage","@id":"https:\/\/www.ball-mill-classifiers.com\/product\/bucket-elevator\/","url":"https:\/\/www.ball-mill-classifiers.com\/product\/bucket-elevator\/","name":"Bucket Elevator - Ball Mill Classifier Production Line Manufacturer","isPartOf":{"@id":"https:\/\/www.ball-mill-classifiers.com\/#website"},"primaryImageOfPage":{"@id":"https:\/\/www.ball-mill-classifiers.com\/product\/bucket-elevator\/#primaryimage"},"image":{"@id":"https:\/\/www.ball-mill-classifiers.com\/product\/bucket-elevator\/#primaryimage"},"thumbnailUrl":"https:\/\/www.ball-mill-classifiers.com\/wp-content\/uploads\/2023\/07\/Bucket-Elevator.webp","datePublished":"2023-07-20T08:10:49+00:00","dateModified":"2023-07-20T08:29:10+00:00","breadcrumb":{"@id":"https:\/\/www.ball-mill-classifiers.com\/product\/bucket-elevator\/#breadcrumb"},"inLanguage":"tr","potentialAction":[{"@type":"ReadAction","target":["https:\/\/www.ball-mill-classifiers.com\/product\/bucket-elevator\/"]}]},{"@type":"ImageObject","inLanguage":"tr","@id":"https:\/\/www.ball-mill-classifiers.com\/product\/bucket-elevator\/#primaryimage","url":"https:\/\/www.ball-mill-classifiers.com\/wp-content\/uploads\/2023\/07\/Bucket-Elevator.webp","contentUrl":"https:\/\/www.ball-mill-classifiers.com\/wp-content\/uploads\/2023\/07\/Bucket-Elevator.webp","width":600,"height":450,"caption":"Bucket Elevator"},{"@type":"BreadcrumbList","@id":"https:\/\/www.ball-mill-classifiers.com\/product\/bucket-elevator\/#breadcrumb","itemListElement":[{"@type":"ListItem","position":1,"name":"\u9996\u9875","item":"https:\/\/www.ball-mill-classifiers.com\/"},{"@type":"ListItem","position":2,"name":"Products","item":"https:\/\/www.ball-mill-classifiers.com\/products\/"},{"@type":"ListItem","position":3,"name":"Bucket Elevator"}]},{"@type":"WebSite","@id":"https:\/\/www.ball-mill-classifiers.com\/#website","url":"https:\/\/www.ball-mill-classifiers.com\/","name":"Ball Mill Classifier Production Line Manufacturer","description":"Non-metallic ore grinding equipment","publisher":{"@id":"https:\/\/www.ball-mill-classifiers.com\/#organization"},"potentialAction":[{"@type":"SearchAction","target":{"@type":"EntryPoint","urlTemplate":"https:\/\/www.ball-mill-classifiers.com\/?s={search_term_string}"},"query-input":{"@type":"PropertyValueSpecification","valueRequired":true,"valueName":"search_term_string"}}],"inLanguage":"tr"},{"@type":"Organization","@id":"https:\/\/www.ball-mill-classifiers.com\/#organization","name":"Ball Mill Classifier Production Line Manufacturer","url":"https:\/\/www.ball-mill-classifiers.com\/","logo":{"@type":"ImageObject","inLanguage":"tr","@id":"https:\/\/www.ball-mill-classifiers.com\/#\/schema\/logo\/image\/","url":"https:\/\/www.ball-mill-classifiers.com\/wp-content\/uploads\/2021\/04\/logo.png","contentUrl":"https:\/\/www.ball-mill-classifiers.com\/wp-content\/uploads\/2021\/04\/logo.png","width":216,"height":63,"caption":"Ball Mill Classifier Production Line Manufacturer"},"image":{"@id":"https:\/\/www.ball-mill-classifiers.com\/#\/schema\/logo\/image\/"}}]}},"acf":[],"_links":{"self":[{"href":"https:\/\/www.ball-mill-classifiers.com\/tr\/wp-json\/wp\/v2\/product\/13896","targetHints":{"allow":["GET"]}}],"collection":[{"href":"https:\/\/www.ball-mill-classifiers.com\/tr\/wp-json\/wp\/v2\/product"}],"about":[{"href":"https:\/\/www.ball-mill-classifiers.com\/tr\/wp-json\/wp\/v2\/types\/product"}],"version-history":[{"count":0,"href":"https:\/\/www.ball-mill-classifiers.com\/tr\/wp-json\/wp\/v2\/product\/13896\/revisions"}],"wp:featuredmedia":[{"embeddable":true,"href":"https:\/\/www.ball-mill-classifiers.com\/tr\/wp-json\/wp\/v2\/media\/13898"}],"wp:attachment":[{"href":"https:\/\/www.ball-mill-classifiers.com\/tr\/wp-json\/wp\/v2\/media?parent=13896"}],"wp:term":[{"taxonomy":"product_brand","embeddable":true,"href":"https:\/\/www.ball-mill-classifiers.com\/tr\/wp-json\/wp\/v2\/product_brand?post=13896"},{"taxonomy":"product_cat","embeddable":true,"href":"https:\/\/www.ball-mill-classifiers.com\/tr\/wp-json\/wp\/v2\/product_cat?post=13896"},{"taxonomy":"product_tag","embeddable":true,"href":"https:\/\/www.ball-mill-classifiers.com\/tr\/wp-json\/wp\/v2\/product_tag?post=13896"}],"curies":[{"name":"wp","href":"https:\/\/api.w.org\/{rel}","templated":true}]}}