{"id":12291,"date":"2021-01-16T12:26:18","date_gmt":"2021-01-16T12:26:18","guid":{"rendered":"https:\/\/ciyashop.potenzaglobalsolutions.com\/medical\/?post_type=product&#038;p=12291"},"modified":"2024-01-24T09:02:16","modified_gmt":"2024-01-24T09:02:16","slug":"high-speed-blender","status":"publish","type":"product","link":"https:\/\/www.ball-mill-classifiers.com\/pt\/produto\/high-speed-blender\/","title":{"rendered":"Liquidificador de alta velocidade"},"content":{"rendered":"<div data-elementor-type=\"wp-post\" data-elementor-id=\"12291\" class=\"elementor elementor-12291\">\n\t\t\t\t\t\t<section class=\"elementor-section elementor-top-section elementor-element elementor-element-588d6607 elementor-section-boxed elementor-section-height-default elementor-section-height-default\" data-id=\"588d6607\" data-element_type=\"section\">\n\t\t\t\t\t\t<div class=\"elementor-container elementor-column-gap-default\">\n\t\t\t\t\t<div class=\"elementor-column elementor-col-100 elementor-top-column elementor-element elementor-element-247406c3\" data-id=\"247406c3\" data-element_type=\"column\">\n\t\t\t<div class=\"elementor-widget-wrap elementor-element-populated\">\n\t\t\t\t\t\t<div class=\"elementor-element elementor-element-946129c elementor-widget elementor-widget-heading\" data-id=\"946129c\" data-element_type=\"widget\" data-widget_type=\"heading.default\">\n\t\t\t\t\t\t<div class=\"elementor-widget-container\">\n\t\t\t\t\t<h2 class=\"elementor-heading-title elementor-size-default\"><span style=\"font-size: 15px;font-weight: 600;text-align: start;white-space: normal\">Vantagens do equipamento misturador de alta velocidade:<\/span><\/h2>\t\t\t\t<\/div>\n\t\t\t\t<\/div>\n\t\t\t\t<div class=\"elementor-element elementor-element-18bd047c elementor-widget elementor-widget-text-editor\" data-id=\"18bd047c\" data-element_type=\"widget\" data-widget_type=\"text-editor.default\">\n\t\t\t\t\t\t<div class=\"elementor-widget-container\">\n\t\t\t\t\t\t\t\t\t<p><br \/>1. Painel de opera\u00e7\u00e3o anal\u00f3gico, f\u00e1cil de operar;<br \/>2. O contator adota os produtos da empresa coreana LG, que s\u00e3o dur\u00e1veis;<br \/>3. P\u00e1s de a\u00e7o inoxid\u00e1vel com tratamento t\u00e9rmico especial, as l\u00e2minas t\u00eam maior vida \u00fatil;<br \/>4. O eixo principal do misturador de alta velocidade adota uma estrutura de veda\u00e7\u00e3o de camada dupla para garantir que n\u00e3o haja vazamento de p\u00f3 durante o uso;<br \/>5. Dispositivo opcional de limpeza de g\u00e1s na porta de descarga;<br \/>6. A regula\u00e7\u00e3o opcional da velocidade de convers\u00e3o de frequ\u00eancia pode proteger o motor e a linha de fonte de alimenta\u00e7\u00e3o e economizar 20-25% de eletricidade ao mesmo tempo.<\/p>\t\t\t\t\t\t\t\t<\/div>\n\t\t\t\t<\/div>\n\t\t\t\t\t<\/div>\n\t\t<\/div>\n\t\t\t\t\t<\/div>\n\t\t<\/section>\n\t\t\t\t<section class=\"elementor-section elementor-top-section elementor-element elementor-element-ba4cfcb elementor-section-boxed elementor-section-height-default elementor-section-height-default\" data-id=\"ba4cfcb\" data-element_type=\"section\">\n\t\t\t\t\t\t<div class=\"elementor-container elementor-column-gap-default\">\n\t\t\t\t\t<div class=\"elementor-column elementor-col-100 elementor-top-column elementor-element elementor-element-83e0535\" data-id=\"83e0535\" data-element_type=\"column\">\n\t\t\t<div class=\"elementor-widget-wrap elementor-element-populated\">\n\t\t\t\t\t\t<div class=\"elementor-element elementor-element-a3a22ae elementor-widget elementor-widget-heading\" data-id=\"a3a22ae\" data-element_type=\"widget\" data-widget_type=\"heading.default\">\n\t\t\t\t\t\t<div class=\"elementor-widget-container\">\n\t\t\t\t\t<h2 class=\"elementor-heading-title elementor-size-default\">Fluxograma do processo do liquidificador de alta velocidade<\/h2>\t\t\t\t<\/div>\n\t\t\t\t<\/div>\n\t\t\t\t<div class=\"elementor-element elementor-element-3fb6a6e elementor-widget elementor-widget-image\" data-id=\"3fb6a6e\" data-element_type=\"widget\" data-widget_type=\"image.default\">\n\t\t\t\t\t\t<div class=\"elementor-widget-container\">\n\t\t\t\t\t\t\t\t\t\t\t\t\t\t\t<img fetchpriority=\"high\" decoding=\"async\" width=\"1024\" height=\"589\" src=\"https:\/\/www.ball-mill-classifiers.com\/wp-content\/uploads\/2021\/01\/High-speedBlendercoatingprocess-1-1024x589-1.jpg\" class=\"attachment-large size-large wp-image-13673\" alt=\"High-speed Blender process flow chart\" \/>\t\t\t\t\t\t\t\t\t\t\t\t\t\t\t<\/div>\n\t\t\t\t<\/div>\n\t\t\t\t\t<\/div>\n\t\t<\/div>\n\t\t\t\t\t<\/div>\n\t\t<\/section>\n\t\t\t\t<\/div>","protected":false},"excerpt":{"rendered":"<p>Adequado para silanos e outros materiais com alta temperatura de modifica\u00e7\u00e3o<\/p>\n<ul>\n<li>Alguns materiais devem ser modificados pelo agente de acoplamento de silano sob alta temperatura e rea\u00e7\u00e3o prolongada.<\/li>\n<li>O revestimento cer\u00e2mico selecion\u00e1vel est\u00e1 livre de polui\u00e7\u00e3o met\u00e1lica.<\/li>\n<li>Equipado com dispositivos de aquecimento e temporiza\u00e7\u00e3o, a temperatura e o tempo de modifica\u00e7\u00e3o podem ser controlados.<\/li>\n<li>Garantir a adequa\u00e7\u00e3o do revestimento do material por meio de alimenta\u00e7\u00e3o uniforme e coordena\u00e7\u00e3o com a alimenta\u00e7\u00e3o quantitativa de modificadores.<\/li>\n<li>Ampla aplica\u00e7\u00e3o, pode alcan\u00e7ar o efeito de ativa\u00e7\u00e3o desejado em v\u00e1rios p\u00f3s minerais inorg\u00e2nicos.<\/li>\n<li>A temperatura e o tempo do sistema s\u00e3o ajustados para garantir a adequa\u00e7\u00e3o da rea\u00e7\u00e3o de modifica\u00e7\u00e3o ou revestimento.<\/li>\n<\/ul>","protected":false},"featured_media":13672,"template":"","meta":{"site-sidebar-layout":"default","site-content-layout":"default","ast-site-content-layout":"default","site-content-style":"default","site-sidebar-style":"default","ast-global-header-display":"","ast-banner-title-visibility":"","ast-main-header-display":"","ast-hfb-above-header-display":"","ast-hfb-below-header-display":"","ast-hfb-mobile-header-display":"","site-post-title":"","ast-breadcrumbs-content":"","ast-featured-img":"","footer-sml-layout":"","ast-disable-related-posts":"","theme-transparent-header-meta":"default","adv-header-id-meta":"","stick-header-meta":"default","header-above-stick-meta":"","header-main-stick-meta":"","header-below-stick-meta":"","astra-migrate-meta-layouts":"set","ast-page-background-enabled":"default","ast-page-background-meta":{"desktop":{"background-color":"","background-image":"","background-repeat":"repeat","background-position":"center center","background-size":"auto","background-attachment":"scroll","background-type":"","background-media":"","overlay-type":"","overlay-color":"","overlay-opacity":"","overlay-gradient":""},"tablet":{"background-color":"","background-image":"","background-repeat":"repeat","background-position":"center center","background-size":"auto","background-attachment":"scroll","background-type":"","background-media":"","overlay-type":"","overlay-color":"","overlay-opacity":"","overlay-gradient":""},"mobile":{"background-color":"","background-image":"","background-repeat":"repeat","background-position":"center center","background-size":"auto","background-attachment":"scroll","background-type":"","background-media":"","overlay-type":"","overlay-color":"","overlay-opacity":"","overlay-gradient":""}},"ast-content-background-meta":{"desktop":{"background-color":"var(--ast-global-color-5)","background-image":"","background-repeat":"repeat","background-position":"center center","background-size":"auto","background-attachment":"scroll","background-type":"","background-media":"","overlay-type":"","overlay-color":"","overlay-opacity":"","overlay-gradient":""},"tablet":{"background-color":"var(--ast-global-color-5)","background-image":"","background-repeat":"repeat","background-position":"center center","background-size":"auto","background-attachment":"scroll","background-type":"","background-media":"","overlay-type":"","overlay-color":"","overlay-opacity":"","overlay-gradient":""},"mobile":{"background-color":"var(--ast-global-color-5)","background-image":"","background-repeat":"repeat","background-position":"center center","background-size":"auto","background-attachment":"scroll","background-type":"","background-media":"","overlay-type":"","overlay-color":"","overlay-opacity":"","overlay-gradient":""}}},"product_brand":[],"product_cat":[32],"product_tag":[45,43],"class_list":{"0":"post-12291","1":"product","2":"type-product","3":"status-publish","4":"has-post-thumbnail","6":"product_cat-powder-coating-machine","7":"product_tag-non-metallic-ore","8":"product_tag-calcium-carbonate","9":"desktop-align-center","10":"tablet-align-center","11":"mobile-align-center","12":"ast-product-gallery-layout-horizontal-slider","13":"ast-product-gallery-with-no-image","14":"ast-product-tabs-layout-horizontal","16":"first","17":"instock","18":"shipping-taxable","19":"product-type-simple"},"yoast_head":"<!-- This site is optimized with the Yoast SEO Premium plugin v25.2 (Yoast SEO v25.2) - https:\/\/yoast.com\/wordpress\/plugins\/seo\/ -->\n<title>High-speed Blender - Ball Mill Classifier Production Line Manufacturer<\/title>\n<meta name=\"robots\" content=\"index, follow, max-snippet:-1, max-image-preview:large, max-video-preview:-1\" \/>\n<link rel=\"canonical\" href=\"https:\/\/www.ball-mill-classifiers.com\/pt\/produto\/high-speed-blender\/\" \/>\n<meta property=\"og:locale\" content=\"pt_PT\" \/>\n<meta property=\"og:type\" content=\"article\" \/>\n<meta property=\"og:title\" content=\"High-speed Blender\" \/>\n<meta property=\"og:description\" content=\"Suitable for silanes and other materials with high modification temperature   Some materials has to be modified by silane coupling agent under high temperature and long time reaction.  Selectable ceramic liner is free from metal pollution.  Equipped with heating and timing devices, the modification temperature and time can be controlled.  Ensure the adequacy of material coating by uniform feeding and coordination with the quantitative feeding of modifiers.  Wide application, can achieve the desired activation effect on various inorganic mineral powders.  The system temperature and time are adjusted to ensure the adequacy of the modification reaction or coating.\" \/>\n<meta property=\"og:url\" content=\"https:\/\/www.ball-mill-classifiers.com\/pt\/produto\/high-speed-blender\/\" \/>\n<meta property=\"og:site_name\" content=\"Ball Mill Classifier Production Line Manufacturer\" \/>\n<meta property=\"article:modified_time\" content=\"2024-01-24T09:02:16+00:00\" \/>\n<meta property=\"og:image\" content=\"https:\/\/www.ball-mill-classifiers.com\/wp-content\/uploads\/2021\/01\/High-speedBlender-1-1024x1024-1.jpg\" \/>\n\t<meta property=\"og:image:width\" content=\"600\" \/>\n\t<meta property=\"og:image:height\" content=\"450\" \/>\n\t<meta property=\"og:image:type\" content=\"image\/jpeg\" \/>\n<meta name=\"twitter:card\" content=\"summary_large_image\" \/>\n<meta name=\"twitter:label1\" content=\"Tempo estimado de leitura\" \/>\n\t<meta name=\"twitter:data1\" content=\"1 minuto\" \/>\n<script type=\"application\/ld+json\" class=\"yoast-schema-graph\">{\"@context\":\"https:\/\/schema.org\",\"@graph\":[{\"@type\":\"WebPage\",\"@id\":\"https:\/\/www.ball-mill-classifiers.com\/product\/high-speed-blender\/\",\"url\":\"https:\/\/www.ball-mill-classifiers.com\/product\/high-speed-blender\/\",\"name\":\"High-speed Blender - Ball Mill Classifier Production Line Manufacturer\",\"isPartOf\":{\"@id\":\"https:\/\/www.ball-mill-classifiers.com\/#website\"},\"primaryImageOfPage\":{\"@id\":\"https:\/\/www.ball-mill-classifiers.com\/product\/high-speed-blender\/#primaryimage\"},\"image\":{\"@id\":\"https:\/\/www.ball-mill-classifiers.com\/product\/high-speed-blender\/#primaryimage\"},\"thumbnailUrl\":\"https:\/\/www.ball-mill-classifiers.com\/wp-content\/uploads\/2021\/01\/High-speedBlender-1-1024x1024-1.jpg\",\"datePublished\":\"2021-01-16T12:26:18+00:00\",\"dateModified\":\"2024-01-24T09:02:16+00:00\",\"breadcrumb\":{\"@id\":\"https:\/\/www.ball-mill-classifiers.com\/product\/high-speed-blender\/#breadcrumb\"},\"inLanguage\":\"pt-PT\",\"potentialAction\":[{\"@type\":\"ReadAction\",\"target\":[\"https:\/\/www.ball-mill-classifiers.com\/product\/high-speed-blender\/\"]}]},{\"@type\":\"ImageObject\",\"inLanguage\":\"pt-PT\",\"@id\":\"https:\/\/www.ball-mill-classifiers.com\/product\/high-speed-blender\/#primaryimage\",\"url\":\"https:\/\/www.ball-mill-classifiers.com\/wp-content\/uploads\/2021\/01\/High-speedBlender-1-1024x1024-1.jpg\",\"contentUrl\":\"https:\/\/www.ball-mill-classifiers.com\/wp-content\/uploads\/2021\/01\/High-speedBlender-1-1024x1024-1.jpg\",\"width\":600,\"height\":450,\"caption\":\"High-speed Blender\"},{\"@type\":\"BreadcrumbList\",\"@id\":\"https:\/\/www.ball-mill-classifiers.com\/product\/high-speed-blender\/#breadcrumb\",\"itemListElement\":[{\"@type\":\"ListItem\",\"position\":1,\"name\":\"\u9996\u9875\",\"item\":\"https:\/\/www.ball-mill-classifiers.com\/\"},{\"@type\":\"ListItem\",\"position\":2,\"name\":\"Products\",\"item\":\"https:\/\/www.ball-mill-classifiers.com\/products\/\"},{\"@type\":\"ListItem\",\"position\":3,\"name\":\"High-speed Blender\"}]},{\"@type\":\"WebSite\",\"@id\":\"https:\/\/www.ball-mill-classifiers.com\/#website\",\"url\":\"https:\/\/www.ball-mill-classifiers.com\/\",\"name\":\"Ball Mill Classifier Production Line Manufacturer\",\"description\":\"Non-metallic ore grinding equipment\",\"publisher\":{\"@id\":\"https:\/\/www.ball-mill-classifiers.com\/#organization\"},\"potentialAction\":[{\"@type\":\"SearchAction\",\"target\":{\"@type\":\"EntryPoint\",\"urlTemplate\":\"https:\/\/www.ball-mill-classifiers.com\/?s={search_term_string}\"},\"query-input\":{\"@type\":\"PropertyValueSpecification\",\"valueRequired\":true,\"valueName\":\"search_term_string\"}}],\"inLanguage\":\"pt-PT\"},{\"@type\":\"Organization\",\"@id\":\"https:\/\/www.ball-mill-classifiers.com\/#organization\",\"name\":\"Ball Mill Classifier Production Line Manufacturer\",\"url\":\"https:\/\/www.ball-mill-classifiers.com\/\",\"logo\":{\"@type\":\"ImageObject\",\"inLanguage\":\"pt-PT\",\"@id\":\"https:\/\/www.ball-mill-classifiers.com\/#\/schema\/logo\/image\/\",\"url\":\"https:\/\/www.ball-mill-classifiers.com\/wp-content\/uploads\/2021\/04\/logo.png\",\"contentUrl\":\"https:\/\/www.ball-mill-classifiers.com\/wp-content\/uploads\/2021\/04\/logo.png\",\"width\":216,\"height\":63,\"caption\":\"Ball Mill Classifier Production Line Manufacturer\"},\"image\":{\"@id\":\"https:\/\/www.ball-mill-classifiers.com\/#\/schema\/logo\/image\/\"}}]}<\/script>\n<!-- \/ Yoast SEO Premium plugin. -->","yoast_head_json":{"title":"High-speed Blender - Ball Mill Classifier Production Line Manufacturer","robots":{"index":"index","follow":"follow","max-snippet":"max-snippet:-1","max-image-preview":"max-image-preview:large","max-video-preview":"max-video-preview:-1"},"canonical":"https:\/\/www.ball-mill-classifiers.com\/pt\/produto\/high-speed-blender\/","og_locale":"pt_PT","og_type":"article","og_title":"High-speed Blender","og_description":"Suitable for silanes and other materials with high modification temperature   Some materials has to be modified by silane coupling agent under high temperature and long time reaction.  Selectable ceramic liner is free from metal pollution.  Equipped with heating and timing devices, the modification temperature and time can be controlled.  Ensure the adequacy of material coating by uniform feeding and coordination with the quantitative feeding of modifiers.  Wide application, can achieve the desired activation effect on various inorganic mineral powders.  The system temperature and time are adjusted to ensure the adequacy of the modification reaction or coating.","og_url":"https:\/\/www.ball-mill-classifiers.com\/pt\/produto\/high-speed-blender\/","og_site_name":"Ball Mill Classifier Production Line Manufacturer","article_modified_time":"2024-01-24T09:02:16+00:00","og_image":[{"width":600,"height":450,"url":"https:\/\/www.ball-mill-classifiers.com\/wp-content\/uploads\/2021\/01\/High-speedBlender-1-1024x1024-1.jpg","type":"image\/jpeg"}],"twitter_card":"summary_large_image","twitter_misc":{"Tempo estimado de leitura":"1 minuto"},"schema":{"@context":"https:\/\/schema.org","@graph":[{"@type":"WebPage","@id":"https:\/\/www.ball-mill-classifiers.com\/product\/high-speed-blender\/","url":"https:\/\/www.ball-mill-classifiers.com\/product\/high-speed-blender\/","name":"High-speed Blender - Ball Mill Classifier Production Line Manufacturer","isPartOf":{"@id":"https:\/\/www.ball-mill-classifiers.com\/#website"},"primaryImageOfPage":{"@id":"https:\/\/www.ball-mill-classifiers.com\/product\/high-speed-blender\/#primaryimage"},"image":{"@id":"https:\/\/www.ball-mill-classifiers.com\/product\/high-speed-blender\/#primaryimage"},"thumbnailUrl":"https:\/\/www.ball-mill-classifiers.com\/wp-content\/uploads\/2021\/01\/High-speedBlender-1-1024x1024-1.jpg","datePublished":"2021-01-16T12:26:18+00:00","dateModified":"2024-01-24T09:02:16+00:00","breadcrumb":{"@id":"https:\/\/www.ball-mill-classifiers.com\/product\/high-speed-blender\/#breadcrumb"},"inLanguage":"pt-PT","potentialAction":[{"@type":"ReadAction","target":["https:\/\/www.ball-mill-classifiers.com\/product\/high-speed-blender\/"]}]},{"@type":"ImageObject","inLanguage":"pt-PT","@id":"https:\/\/www.ball-mill-classifiers.com\/product\/high-speed-blender\/#primaryimage","url":"https:\/\/www.ball-mill-classifiers.com\/wp-content\/uploads\/2021\/01\/High-speedBlender-1-1024x1024-1.jpg","contentUrl":"https:\/\/www.ball-mill-classifiers.com\/wp-content\/uploads\/2021\/01\/High-speedBlender-1-1024x1024-1.jpg","width":600,"height":450,"caption":"High-speed Blender"},{"@type":"BreadcrumbList","@id":"https:\/\/www.ball-mill-classifiers.com\/product\/high-speed-blender\/#breadcrumb","itemListElement":[{"@type":"ListItem","position":1,"name":"\u9996\u9875","item":"https:\/\/www.ball-mill-classifiers.com\/"},{"@type":"ListItem","position":2,"name":"Products","item":"https:\/\/www.ball-mill-classifiers.com\/products\/"},{"@type":"ListItem","position":3,"name":"High-speed Blender"}]},{"@type":"WebSite","@id":"https:\/\/www.ball-mill-classifiers.com\/#website","url":"https:\/\/www.ball-mill-classifiers.com\/","name":"Ball Mill Classifier Production Line Manufacturer","description":"Non-metallic ore grinding equipment","publisher":{"@id":"https:\/\/www.ball-mill-classifiers.com\/#organization"},"potentialAction":[{"@type":"SearchAction","target":{"@type":"EntryPoint","urlTemplate":"https:\/\/www.ball-mill-classifiers.com\/?s={search_term_string}"},"query-input":{"@type":"PropertyValueSpecification","valueRequired":true,"valueName":"search_term_string"}}],"inLanguage":"pt-PT"},{"@type":"Organization","@id":"https:\/\/www.ball-mill-classifiers.com\/#organization","name":"Ball Mill Classifier Production Line Manufacturer","url":"https:\/\/www.ball-mill-classifiers.com\/","logo":{"@type":"ImageObject","inLanguage":"pt-PT","@id":"https:\/\/www.ball-mill-classifiers.com\/#\/schema\/logo\/image\/","url":"https:\/\/www.ball-mill-classifiers.com\/wp-content\/uploads\/2021\/04\/logo.png","contentUrl":"https:\/\/www.ball-mill-classifiers.com\/wp-content\/uploads\/2021\/04\/logo.png","width":216,"height":63,"caption":"Ball Mill Classifier Production Line Manufacturer"},"image":{"@id":"https:\/\/www.ball-mill-classifiers.com\/#\/schema\/logo\/image\/"}}]}},"acf":[],"_links":{"self":[{"href":"https:\/\/www.ball-mill-classifiers.com\/pt\/wp-json\/wp\/v2\/product\/12291","targetHints":{"allow":["GET"]}}],"collection":[{"href":"https:\/\/www.ball-mill-classifiers.com\/pt\/wp-json\/wp\/v2\/product"}],"about":[{"href":"https:\/\/www.ball-mill-classifiers.com\/pt\/wp-json\/wp\/v2\/types\/product"}],"version-history":[{"count":0,"href":"https:\/\/www.ball-mill-classifiers.com\/pt\/wp-json\/wp\/v2\/product\/12291\/revisions"}],"wp:featuredmedia":[{"embeddable":true,"href":"https:\/\/www.ball-mill-classifiers.com\/pt\/wp-json\/wp\/v2\/media\/13672"}],"wp:attachment":[{"href":"https:\/\/www.ball-mill-classifiers.com\/pt\/wp-json\/wp\/v2\/media?parent=12291"}],"wp:term":[{"taxonomy":"product_brand","embeddable":true,"href":"https:\/\/www.ball-mill-classifiers.com\/pt\/wp-json\/wp\/v2\/product_brand?post=12291"},{"taxonomy":"product_cat","embeddable":true,"href":"https:\/\/www.ball-mill-classifiers.com\/pt\/wp-json\/wp\/v2\/product_cat?post=12291"},{"taxonomy":"product_tag","embeddable":true,"href":"https:\/\/www.ball-mill-classifiers.com\/pt\/wp-json\/wp\/v2\/product_tag?post=12291"}],"curies":[{"name":"wp","href":"https:\/\/api.w.org\/{rel}","templated":true}]}}