{"id":13937,"date":"2023-07-20T08:48:09","date_gmt":"2023-07-20T08:48:09","guid":{"rendered":"https:\/\/www.ball-mill-classifiers.com\/?post_type=product&#038;p=13937"},"modified":"2023-07-20T08:49:09","modified_gmt":"2023-07-20T08:49:09","slug":"control-cabinet","status":"publish","type":"product","link":"https:\/\/www.ball-mill-classifiers.com\/es\/producto\/control-cabinet\/","title":{"rendered":"Cabina de control"},"content":{"rendered":"<div data-elementor-type=\"wp-post\" data-elementor-id=\"13937\" class=\"elementor elementor-13937\">\n\t\t\t\t\t\t<section class=\"elementor-section elementor-top-section elementor-element elementor-element-53b67453 elementor-section-boxed elementor-section-height-default elementor-section-height-default\" data-id=\"53b67453\" data-element_type=\"section\">\n\t\t\t\t\t\t<div class=\"elementor-container elementor-column-gap-default\">\n\t\t\t\t\t<div class=\"elementor-column elementor-col-100 elementor-top-column elementor-element elementor-element-38fef344\" data-id=\"38fef344\" data-element_type=\"column\">\n\t\t\t<div class=\"elementor-widget-wrap elementor-element-populated\">\n\t\t\t\t\t\t<div class=\"elementor-element elementor-element-522deeba elementor-widget elementor-widget-text-editor\" data-id=\"522deeba\" data-element_type=\"widget\" data-widget_type=\"text-editor.default\">\n\t\t\t\t\t\t<div class=\"elementor-widget-container\">\n\t\t\t\t\t\t\t\t\t<section class=\"elementor-section elementor-top-section elementor-element elementor-element-41dedbbe elementor-section-boxed elementor-section-height-default elementor-section-height-default\" data-id=\"41dedbbe\" data-element_type=\"section\"><div class=\"elementor-container elementor-column-gap-default\"><div class=\"elementor-column elementor-col-100 elementor-top-column elementor-element elementor-element-1ed47a89\" data-id=\"1ed47a89\" data-element_type=\"column\"><div class=\"elementor-widget-wrap elementor-element-populated\"><div class=\"elementor-element elementor-element-2442cc85 elementor-widget elementor-widget-text-editor\" data-id=\"2442cc85\" data-element_type=\"widget\" data-widget_type=\"text-editor.default\"><div class=\"elementor-widget-container\">Este tipo de equipo se puede aplicar a diversos escenarios de uso, como trituraci\u00f3n, transporte, embalaje, pesaje, etc., haciendo que el entorno de producci\u00f3n sea m\u00e1s ideal; El sistema de equipo auxiliar es f\u00e1cil de operar y controlar; El sistema de equipos auxiliares incluye, entre otros, transportadores de vac\u00edo, contenedores de alimentaci\u00f3n libres de polvo, b\u00e1sculas de cinta, etc. colocados al inicio del proceso, as\u00ed como m\u00e1quinas envasadoras, v\u00e1lvulas de descarga de cierre de aire, etc. colocadas al final del proceso. final del proceso. Se pueden proporcionar soluciones de dise\u00f1o personalizadas de acuerdo con las necesidades del cliente y el dise\u00f1o en el sitio.<\/div><\/div><\/div><\/div><\/div><\/section>\t\t\t\t\t\t\t\t<\/div>\n\t\t\t\t<\/div>\n\t\t\t\t\t<\/div>\n\t\t<\/div>\n\t\t\t\t\t<\/div>\n\t\t<\/section>\n\t\t\t\t<section class=\"elementor-section elementor-top-section elementor-element elementor-element-db5aa92 elementor-section-boxed elementor-section-height-default elementor-section-height-default\" data-id=\"db5aa92\" data-element_type=\"section\">\n\t\t\t\t\t\t<div class=\"elementor-container elementor-column-gap-default\">\n\t\t\t\t\t<div class=\"elementor-column elementor-col-100 elementor-top-column elementor-element elementor-element-d495d32\" data-id=\"d495d32\" data-element_type=\"column\">\n\t\t\t<div class=\"elementor-widget-wrap elementor-element-populated\">\n\t\t\t\t\t\t<div class=\"elementor-element elementor-element-d87d1da elementor-widget elementor-widget-heading\" data-id=\"d87d1da\" data-element_type=\"widget\" data-widget_type=\"heading.default\">\n\t\t\t\t\t\t<div class=\"elementor-widget-container\">\n\t\t\t\t\t<h2 class=\"elementor-heading-title elementor-size-default\"><span style=\"color: var(--ast-global-color-1);, Roboto, sans-serif;font-size: 50px;text-align: center;white-space: normal\">Si\u00e9ntase libre de contactarnos<\/span><\/h2>\t\t\t\t<\/div>\n\t\t\t\t<\/div>\n\t\t\t\t\t<\/div>\n\t\t<\/div>\n\t\t\t\t\t<\/div>\n\t\t<\/section>\n\t\t\t\t<\/div>","protected":false},"excerpt":{"rendered":"<p>Como equipo de apoyo para la ingenier\u00eda de polvos, el equipo auxiliar puede complementar y completar la l\u00ednea de producci\u00f3n de polvo, permitiendo que el equipo de producci\u00f3n de polvo complete de forma independiente y completa el proceso de producci\u00f3n y mejorando la eficiencia y calidad de la producci\u00f3n.<\/p>","protected":false},"featured_media":13938,"template":"","meta":{"site-sidebar-layout":"left-sidebar","site-content-layout":"default","ast-site-content-layout":"default","site-content-style":"default","site-sidebar-style":"default","ast-global-header-display":"","ast-banner-title-visibility":"","ast-main-header-display":"","ast-hfb-above-header-display":"","ast-hfb-below-header-display":"","ast-hfb-mobile-header-display":"","site-post-title":"","ast-breadcrumbs-content":"","ast-featured-img":"","footer-sml-layout":"","ast-disable-related-posts":"","theme-transparent-header-meta":"default","adv-header-id-meta":"12856","stick-header-meta":"default","header-above-stick-meta":"","header-main-stick-meta":"","header-below-stick-meta":"","astra-migrate-meta-layouts":"default","ast-page-background-enabled":"default","ast-page-background-meta":{"desktop":{"background-color":"","background-image":"","background-repeat":"repeat","background-position":"center center","background-size":"auto","background-attachment":"scroll","background-type":"","background-media":"","overlay-type":"","overlay-color":"","overlay-opacity":"","overlay-gradient":""},"tablet":{"background-color":"","background-image":"","background-repeat":"repeat","background-position":"center center","background-size":"auto","background-attachment":"scroll","background-type":"","background-media":"","overlay-type":"","overlay-color":"","overlay-opacity":"","overlay-gradient":""},"mobile":{"background-color":"","background-image":"","background-repeat":"repeat","background-position":"center center","background-size":"auto","background-attachment":"scroll","background-type":"","background-media":"","overlay-type":"","overlay-color":"","overlay-opacity":"","overlay-gradient":""}},"ast-content-background-meta":{"desktop":{"background-color":"var(--ast-global-color-5)","background-image":"","background-repeat":"repeat","background-position":"center center","background-size":"auto","background-attachment":"scroll","background-type":"","background-media":"","overlay-type":"","overlay-color":"","overlay-opacity":"","overlay-gradient":""},"tablet":{"background-color":"var(--ast-global-color-5)","background-image":"","background-repeat":"repeat","background-position":"center center","background-size":"auto","background-attachment":"scroll","background-type":"","background-media":"","overlay-type":"","overlay-color":"","overlay-opacity":"","overlay-gradient":""},"mobile":{"background-color":"var(--ast-global-color-5)","background-image":"","background-repeat":"repeat","background-position":"center center","background-size":"auto","background-attachment":"scroll","background-type":"","background-media":"","overlay-type":"","overlay-color":"","overlay-opacity":"","overlay-gradient":""}}},"product_brand":[],"product_cat":[46],"product_tag":[],"class_list":{"0":"post-13937","1":"product","2":"type-product","3":"status-publish","4":"has-post-thumbnail","6":"product_cat-auxiliary-equipment","7":"desktop-align-center","8":"tablet-align-center","9":"mobile-align-center","10":"ast-product-gallery-layout-horizontal-slider","11":"ast-product-tabs-layout-horizontal","13":"first","14":"instock","15":"shipping-taxable","16":"product-type-simple"},"yoast_head":"<!-- This site is optimized with the Yoast SEO Premium plugin v25.2 (Yoast SEO v25.2) - https:\/\/yoast.com\/wordpress\/plugins\/seo\/ -->\n<title>Control Cabinet - Ball Mill Classifier Production Line Manufacturer<\/title>\n<meta name=\"robots\" content=\"index, follow, max-snippet:-1, max-image-preview:large, max-video-preview:-1\" \/>\n<link rel=\"canonical\" href=\"https:\/\/www.ball-mill-classifiers.com\/es\/producto\/control-cabinet\/\" \/>\n<meta property=\"og:locale\" content=\"es_ES\" \/>\n<meta property=\"og:type\" content=\"article\" \/>\n<meta property=\"og:title\" content=\"Control Cabinet\" \/>\n<meta property=\"og:description\" content=\"As a supporting equipment for powder engineering, auxiliary equipment can supplement and complete the powder production line, enabling the powder production equipment to independently and completely complete the production process, and improving production efficiency and quality.\" \/>\n<meta property=\"og:url\" content=\"https:\/\/www.ball-mill-classifiers.com\/es\/producto\/control-cabinet\/\" \/>\n<meta property=\"og:site_name\" content=\"Ball Mill Classifier Production Line Manufacturer\" \/>\n<meta property=\"article:modified_time\" content=\"2023-07-20T08:49:09+00:00\" \/>\n<meta property=\"og:image\" content=\"https:\/\/www.ball-mill-classifiers.com\/wp-content\/uploads\/2023\/07\/Control-Cabinet-3.webp\" \/>\n\t<meta property=\"og:image:width\" content=\"600\" \/>\n\t<meta property=\"og:image:height\" content=\"450\" \/>\n\t<meta property=\"og:image:type\" content=\"image\/webp\" \/>\n<meta name=\"twitter:card\" content=\"summary_large_image\" \/>\n<script type=\"application\/ld+json\" class=\"yoast-schema-graph\">{\"@context\":\"https:\/\/schema.org\",\"@graph\":[{\"@type\":\"WebPage\",\"@id\":\"https:\/\/www.ball-mill-classifiers.com\/product\/control-cabinet\/\",\"url\":\"https:\/\/www.ball-mill-classifiers.com\/product\/control-cabinet\/\",\"name\":\"Control Cabinet - Ball Mill Classifier Production Line Manufacturer\",\"isPartOf\":{\"@id\":\"https:\/\/www.ball-mill-classifiers.com\/#website\"},\"primaryImageOfPage\":{\"@id\":\"https:\/\/www.ball-mill-classifiers.com\/product\/control-cabinet\/#primaryimage\"},\"image\":{\"@id\":\"https:\/\/www.ball-mill-classifiers.com\/product\/control-cabinet\/#primaryimage\"},\"thumbnailUrl\":\"https:\/\/www.ball-mill-classifiers.com\/wp-content\/uploads\/2023\/07\/Control-Cabinet-3.webp\",\"datePublished\":\"2023-07-20T08:48:09+00:00\",\"dateModified\":\"2023-07-20T08:49:09+00:00\",\"breadcrumb\":{\"@id\":\"https:\/\/www.ball-mill-classifiers.com\/product\/control-cabinet\/#breadcrumb\"},\"inLanguage\":\"es\",\"potentialAction\":[{\"@type\":\"ReadAction\",\"target\":[\"https:\/\/www.ball-mill-classifiers.com\/product\/control-cabinet\/\"]}]},{\"@type\":\"ImageObject\",\"inLanguage\":\"es\",\"@id\":\"https:\/\/www.ball-mill-classifiers.com\/product\/control-cabinet\/#primaryimage\",\"url\":\"https:\/\/www.ball-mill-classifiers.com\/wp-content\/uploads\/2023\/07\/Control-Cabinet-3.webp\",\"contentUrl\":\"https:\/\/www.ball-mill-classifiers.com\/wp-content\/uploads\/2023\/07\/Control-Cabinet-3.webp\",\"width\":600,\"height\":450,\"caption\":\"Control-Cabinet\"},{\"@type\":\"BreadcrumbList\",\"@id\":\"https:\/\/www.ball-mill-classifiers.com\/product\/control-cabinet\/#breadcrumb\",\"itemListElement\":[{\"@type\":\"ListItem\",\"position\":1,\"name\":\"\u9996\u9875\",\"item\":\"https:\/\/www.ball-mill-classifiers.com\/\"},{\"@type\":\"ListItem\",\"position\":2,\"name\":\"Products\",\"item\":\"https:\/\/www.ball-mill-classifiers.com\/products\/\"},{\"@type\":\"ListItem\",\"position\":3,\"name\":\"Control Cabinet\"}]},{\"@type\":\"WebSite\",\"@id\":\"https:\/\/www.ball-mill-classifiers.com\/#website\",\"url\":\"https:\/\/www.ball-mill-classifiers.com\/\",\"name\":\"Ball Mill Classifier Production Line Manufacturer\",\"description\":\"Non-metallic ore grinding equipment\",\"publisher\":{\"@id\":\"https:\/\/www.ball-mill-classifiers.com\/#organization\"},\"potentialAction\":[{\"@type\":\"SearchAction\",\"target\":{\"@type\":\"EntryPoint\",\"urlTemplate\":\"https:\/\/www.ball-mill-classifiers.com\/?s={search_term_string}\"},\"query-input\":{\"@type\":\"PropertyValueSpecification\",\"valueRequired\":true,\"valueName\":\"search_term_string\"}}],\"inLanguage\":\"es\"},{\"@type\":\"Organization\",\"@id\":\"https:\/\/www.ball-mill-classifiers.com\/#organization\",\"name\":\"Ball Mill Classifier Production Line Manufacturer\",\"url\":\"https:\/\/www.ball-mill-classifiers.com\/\",\"logo\":{\"@type\":\"ImageObject\",\"inLanguage\":\"es\",\"@id\":\"https:\/\/www.ball-mill-classifiers.com\/#\/schema\/logo\/image\/\",\"url\":\"https:\/\/www.ball-mill-classifiers.com\/wp-content\/uploads\/2021\/04\/logo.png\",\"contentUrl\":\"https:\/\/www.ball-mill-classifiers.com\/wp-content\/uploads\/2021\/04\/logo.png\",\"width\":216,\"height\":63,\"caption\":\"Ball Mill Classifier Production Line Manufacturer\"},\"image\":{\"@id\":\"https:\/\/www.ball-mill-classifiers.com\/#\/schema\/logo\/image\/\"}}]}<\/script>\n<!-- \/ Yoast SEO Premium plugin. -->","yoast_head_json":{"title":"Control Cabinet - Ball Mill Classifier Production Line Manufacturer","robots":{"index":"index","follow":"follow","max-snippet":"max-snippet:-1","max-image-preview":"max-image-preview:large","max-video-preview":"max-video-preview:-1"},"canonical":"https:\/\/www.ball-mill-classifiers.com\/es\/producto\/control-cabinet\/","og_locale":"es_ES","og_type":"article","og_title":"Control Cabinet","og_description":"As a supporting equipment for powder engineering, auxiliary equipment can supplement and complete the powder production line, enabling the powder production equipment to independently and completely complete the production process, and improving production efficiency and quality.","og_url":"https:\/\/www.ball-mill-classifiers.com\/es\/producto\/control-cabinet\/","og_site_name":"Ball Mill Classifier Production Line Manufacturer","article_modified_time":"2023-07-20T08:49:09+00:00","og_image":[{"width":600,"height":450,"url":"https:\/\/www.ball-mill-classifiers.com\/wp-content\/uploads\/2023\/07\/Control-Cabinet-3.webp","type":"image\/webp"}],"twitter_card":"summary_large_image","schema":{"@context":"https:\/\/schema.org","@graph":[{"@type":"WebPage","@id":"https:\/\/www.ball-mill-classifiers.com\/product\/control-cabinet\/","url":"https:\/\/www.ball-mill-classifiers.com\/product\/control-cabinet\/","name":"Control Cabinet - Ball Mill Classifier Production Line Manufacturer","isPartOf":{"@id":"https:\/\/www.ball-mill-classifiers.com\/#website"},"primaryImageOfPage":{"@id":"https:\/\/www.ball-mill-classifiers.com\/product\/control-cabinet\/#primaryimage"},"image":{"@id":"https:\/\/www.ball-mill-classifiers.com\/product\/control-cabinet\/#primaryimage"},"thumbnailUrl":"https:\/\/www.ball-mill-classifiers.com\/wp-content\/uploads\/2023\/07\/Control-Cabinet-3.webp","datePublished":"2023-07-20T08:48:09+00:00","dateModified":"2023-07-20T08:49:09+00:00","breadcrumb":{"@id":"https:\/\/www.ball-mill-classifiers.com\/product\/control-cabinet\/#breadcrumb"},"inLanguage":"es","potentialAction":[{"@type":"ReadAction","target":["https:\/\/www.ball-mill-classifiers.com\/product\/control-cabinet\/"]}]},{"@type":"ImageObject","inLanguage":"es","@id":"https:\/\/www.ball-mill-classifiers.com\/product\/control-cabinet\/#primaryimage","url":"https:\/\/www.ball-mill-classifiers.com\/wp-content\/uploads\/2023\/07\/Control-Cabinet-3.webp","contentUrl":"https:\/\/www.ball-mill-classifiers.com\/wp-content\/uploads\/2023\/07\/Control-Cabinet-3.webp","width":600,"height":450,"caption":"Control-Cabinet"},{"@type":"BreadcrumbList","@id":"https:\/\/www.ball-mill-classifiers.com\/product\/control-cabinet\/#breadcrumb","itemListElement":[{"@type":"ListItem","position":1,"name":"\u9996\u9875","item":"https:\/\/www.ball-mill-classifiers.com\/"},{"@type":"ListItem","position":2,"name":"Products","item":"https:\/\/www.ball-mill-classifiers.com\/products\/"},{"@type":"ListItem","position":3,"name":"Control Cabinet"}]},{"@type":"WebSite","@id":"https:\/\/www.ball-mill-classifiers.com\/#website","url":"https:\/\/www.ball-mill-classifiers.com\/","name":"Ball Mill Classifier Production Line Manufacturer","description":"Non-metallic ore grinding equipment","publisher":{"@id":"https:\/\/www.ball-mill-classifiers.com\/#organization"},"potentialAction":[{"@type":"SearchAction","target":{"@type":"EntryPoint","urlTemplate":"https:\/\/www.ball-mill-classifiers.com\/?s={search_term_string}"},"query-input":{"@type":"PropertyValueSpecification","valueRequired":true,"valueName":"search_term_string"}}],"inLanguage":"es"},{"@type":"Organization","@id":"https:\/\/www.ball-mill-classifiers.com\/#organization","name":"Ball Mill Classifier Production Line Manufacturer","url":"https:\/\/www.ball-mill-classifiers.com\/","logo":{"@type":"ImageObject","inLanguage":"es","@id":"https:\/\/www.ball-mill-classifiers.com\/#\/schema\/logo\/image\/","url":"https:\/\/www.ball-mill-classifiers.com\/wp-content\/uploads\/2021\/04\/logo.png","contentUrl":"https:\/\/www.ball-mill-classifiers.com\/wp-content\/uploads\/2021\/04\/logo.png","width":216,"height":63,"caption":"Ball Mill Classifier Production Line Manufacturer"},"image":{"@id":"https:\/\/www.ball-mill-classifiers.com\/#\/schema\/logo\/image\/"}}]}},"acf":[],"_links":{"self":[{"href":"https:\/\/www.ball-mill-classifiers.com\/es\/wp-json\/wp\/v2\/product\/13937","targetHints":{"allow":["GET"]}}],"collection":[{"href":"https:\/\/www.ball-mill-classifiers.com\/es\/wp-json\/wp\/v2\/product"}],"about":[{"href":"https:\/\/www.ball-mill-classifiers.com\/es\/wp-json\/wp\/v2\/types\/product"}],"version-history":[{"count":0,"href":"https:\/\/www.ball-mill-classifiers.com\/es\/wp-json\/wp\/v2\/product\/13937\/revisions"}],"wp:featuredmedia":[{"embeddable":true,"href":"https:\/\/www.ball-mill-classifiers.com\/es\/wp-json\/wp\/v2\/media\/13938"}],"wp:attachment":[{"href":"https:\/\/www.ball-mill-classifiers.com\/es\/wp-json\/wp\/v2\/media?parent=13937"}],"wp:term":[{"taxonomy":"product_brand","embeddable":true,"href":"https:\/\/www.ball-mill-classifiers.com\/es\/wp-json\/wp\/v2\/product_brand?post=13937"},{"taxonomy":"product_cat","embeddable":true,"href":"https:\/\/www.ball-mill-classifiers.com\/es\/wp-json\/wp\/v2\/product_cat?post=13937"},{"taxonomy":"product_tag","embeddable":true,"href":"https:\/\/www.ball-mill-classifiers.com\/es\/wp-json\/wp\/v2\/product_tag?post=13937"}],"curies":[{"name":"wp","href":"https:\/\/api.w.org\/{rel}","templated":true}]}}